{"id":487,"date":"2025-05-25T11:27:05","date_gmt":"2025-05-25T08:27:05","guid":{"rendered":"https:\/\/www.haselcam.com\/?page_id=487"},"modified":"2025-05-28T12:32:28","modified_gmt":"2025-05-28T12:32:28","slug":"ofis-bolmesi-aluminyum-dograma-ve-kupeste","status":"publish","type":"page","link":"https:\/\/www.haselcam.com\/index.php\/ofis-bolmesi-aluminyum-dograma-ve-kupeste\/","title":{"rendered":"Ofis B\u00f6lmesi, Al\u00fcminyum Do\u011frama ve K\u00fcpe\u015fte"},"content":{"rendered":"","protected":false},"excerpt":{"rendered":"","protected":false},"author":1,"featured_media":0,"parent":0,"menu_order":0,"comment_status":"open","ping_status":"closed","template":"","meta":{"om_disable_all_campaigns":false,"_monsterinsights_skip_tracking":false,"_monsterinsights_sitenote_active":false,"_monsterinsights_sitenote_note":"","_monsterinsights_sitenote_category":0,"footnotes":""},"class_list":["post-487","page","type-page","status-publish","hentry"],"_links":{"self":[{"href":"https:\/\/www.haselcam.com\/index.php\/wp-json\/wp\/v2\/pages\/487","targetHints":{"allow":["GET"]}}],"collection":[{"href":"https:\/\/www.haselcam.com\/index.php\/wp-json\/wp\/v2\/pages"}],"about":[{"href":"https:\/\/www.haselcam.com\/index.php\/wp-json\/wp\/v2\/types\/page"}],"author":[{"embeddable":true,"href":"https:\/\/www.haselcam.com\/index.php\/wp-json\/wp\/v2\/users\/1"}],"replies":[{"embeddable":true,"href":"https:\/\/www.haselcam.com\/index.php\/wp-json\/wp\/v2\/comments?post=487"}],"version-history":[{"count":0,"href":"https:\/\/www.haselcam.com\/index.php\/wp-json\/wp\/v2\/pages\/487\/revisions"}],"wp:attachment":[{"href":"https:\/\/www.haselcam.com\/index.php\/wp-json\/wp\/v2\/media?parent=487"}],"curies":[{"name":"wp","href":"https:\/\/api.w.org\/{rel}","templated":true}]}}